{"id":121,"date":"2019-03-18T17:32:02","date_gmt":"2019-03-18T17:32:02","guid":{"rendered":"http:\/\/xn--sngerbund-biberach-ltb.de\/?page_id=121"},"modified":"2023-05-01T09:23:55","modified_gmt":"2023-05-01T09:23:55","slug":"unser-kaffeenachmittag","status":"publish","type":"page","link":"https:\/\/xn--sngerbund-biberach-ltb.de\/?page_id=121","title":{"rendered":"Aktuelles"},"content":{"rendered":"<h1><strong>Auftritt am Sch\u00fctzenmontag <\/strong><\/h1>\n<h2><strong>S\u00e4ngerbund freut sich auf neue S\u00e4ngerinnen und S\u00e4nger<\/strong><\/h2>\n<p>Biberach \u2013 Im letzten Jahr musste der traditionelle Auftritt des S\u00e4ngerbundes am Sch\u00fctzenmontag leider ausfallen. In diesem Jahr soll das kleine Konzert im Biergarten des Sch\u00fctzenkellers wieder stattfinden. Der S\u00e4ngerbund wird gemeinsam mit dem Chor Inkogniton auftreten.<\/p>\n<p>Beide Ch\u00f6re werden von Chorleiter Peter Schenk geleitet.<br \/>\nDie Proben f\u00fcr den Auftritt haben begonnen. Wer gerne in einem gemischten Chor mitsingen m\u00f6chte, ist eingeladen, beim S\u00e4ngerbund reinzuschnuppern. Speziell f\u00fcr den traditionellen Auftritt am Sch\u00fctzenmontag, 17. Juli um 11 Uhr im Sch\u00fctzenkeller, sucht der S\u00e4ngerbund S\u00e4ngerinnen und S\u00e4nger zur Verst\u00e4rkung des Chores.<\/p>\n<p><strong>Wir proben von 20 \u2013 21.30 Uhr im gro\u00dfen Saal der Jugendmusikschule in der Wielandstra\u00dfe.<\/strong><\/p>\n<p>Der Probenschwerpunkt liegt auf dem Repertoire f\u00fcr den Sch\u00fctzenauftritt.<\/p>\n<p>Infos gibt es unter<br \/>\nder Telefonnummer 07351\/760 48 oder auf der Homepage: www.saengerbund-biberach.de.<\/p>\n<h2><strong>S\u00e4ngerbund Biberach e. V.<\/strong><\/h2>\n<p><strong>Jahreshauptversammlung \u2013 Ehrung f\u00fcr f\u00fcnf Mitglieder<\/strong><\/p>\n<p><strong>Nach der Begr\u00fc\u00dfung durch die Vorsitzende Anni Beck wurden f\u00fcnf Mitglieder des S\u00e4ngerbundes von Erwin Gering, Vizepr\u00e4si-dent des Oberschw\u00e4bischen Chorverbandes 1885 e. V. geehrt: Vom Schw\u00e4bischen Chorverband e. V. erhielten die silberne Ehrennadel f\u00fcr 40 Jahre Singen im Chor: Brigitte Pfarr, Gerlinde Scheffold und Inge Schmuker. Hans Wieland wurde mit der goldenen Ehrennadel f\u00fcr 60 Jahre aktives Singen ausgezeichnet und Dieter Schmuker erhielt den Ehrenbrief f\u00fcr 65 Jahre Chorgesang.<\/strong><\/p>\n<p><strong>Corona bedingt waren Proben zwei Jahre lang nicht oder nur eingeschr\u00e4nkt m\u00f6glich, dies hatte auch direkte Auswirkungen auf die Probenteilnahme von S\u00e4ngerinnen und S\u00e4ngern, wie Anni Beck in ihrem Jahresr\u00fcckblick ausf\u00fchrte. Durch eine aktive Werbung f\u00fcr den Auftritt des S\u00e4ngerbundes beim Jubil\u00e4umskonzert des M\u00e4nnerchores Frohsinn im November 2022 konnten jedoch neue S\u00e4ngerinnen und S\u00e4nger hinzugewonnen werden. Positiv auch, dass der Chor mit seinem traditionellen Auftritt im B\u00fcrgerheim 2022 die Bewohner wieder erfreuen konnte. F\u00fcr 2023 sind neben den traditionellen Auftritten wie B\u00fcrgerheim und Sch\u00fctzenfest weitere Auftritte geplant, u. a. Mitwirkung beim Regionssingen \u201eCh\u00f6re der Region\u201c, Auftritt bei den Heimattagen und Singen zum Volkstrauertag am 19. November diesen Jahres.<\/strong><\/p>\n<p><strong>Museumsf\u00fchrung, Ausstellungsbesuch, Winterspaziergang und Weihnachtsfeier waren ein wichtiger Bestandteil der Veranstaltungen des S\u00e4ngerbundes im vergangenen Jahr, um Raum f\u00fcr pers\u00f6nliche Begegnungen zu schaffen. Zum 31.12.2022 z\u00e4hlte der Chor 29 aktive und 19 passive S\u00e4ngerinnen und S\u00e4nger, wie Schriftf\u00fchrerin Elisabeth Kapfer bekannt gab. Schatzmeisterin Else Schweikhardt konnte einen zufriedenstellenden Kassenbestand vermelden. <\/strong><\/p>\n<p><strong>Chorleiter Peter Schenk zeigte sich dankbar f\u00fcr die nach der Krisenzeit positive Stimmung im Chor und die Bereitschaft sich mit einem neuen Repertoire neu aufzustellen. Der Chor kann mit einem guten Gef\u00fchl in das neue S\u00e4ngerjahr starten.<\/strong><\/p>\n<h2><img src=\"https:\/\/xn--sngerbund-biberach-ltb.de\/wp-content\/uploads\/2023\/01\/HV2023.jpg\" \/><\/h2>\n<h1><\/h1>\n<h1><img src=\"https:\/\/xn--sngerbund-biberach-ltb.de\/wp-content\/uploads\/2023\/03\/IMG_0527-002-scaled.jpg\" \/><\/h1>\n<p>&nbsp;<\/p>\n<p><strong>S\u00e4ngerbund trotzt dem Wetter<\/strong><\/p>\n<p>Der Winterspaziergang zu Beginn des Jahres geh\u00f6rt zur Tradition im Jahreslauf des S\u00e4ngerbundes. Trotz der schlechten Wettervorhersage kamen mehrere S\u00e4ngerinnen, S\u00e4nger und Freunde des S\u00e4ngerbundes zu einem ausgedehnten Spaziergang zusammen. Gut gelaunt ging es vom Stadtfriedhof Richtung Rindenmooser Wald. Ziel war das Restaurant \u201ePfanne\u201c in Rindenmoos, dort kamen die Wanderer nach dem einst\u00fcndigen Spaziergang mit den Autofahrern zusammen. In geselliger Runde wurde von den \u00fcber 20 Teilnehmern und Teilnehmerinnen das Mittagessen eingenommen. Gut gest\u00e4rkt traten die \u201eSpazierer\u201c anschlie\u00dfend den R\u00fcckweg zum Ausgangspunkt an. Ein Rundgang durch das Neubauviertel von Rindenmoos eingeschlossen.<\/p>\n<p>Das gesellige Zusammensein und gemeinsame Unternehmungen au\u00dferhalb der Chorproben geh\u00f6ren beim S\u00e4ngerbund dazu und tragen zum Zusammenhalt der Chorgemeinschaft bei. Interessierte S\u00e4ngerinnen und S\u00e4nger k\u00f6nnen gerne einmal bei einer Probe hereinschnuppern. Der S\u00e4ngerbund probt jeden Dienstag um 20 Uhr in der Bruno-Frey-Musikschule. Informationen unter <a href=\"http:\/\/www.saengerbund-biberach.de\">www.saengerbund-biberach.de<\/a>.<\/p>\n<h1><span style=\"color: #0000ff;\"><strong>Beeindruckende F\u00fchrung<img src=\"https:\/\/xn--sngerbund-biberach-ltb.de\/wp-content\/uploads\/2022\/08\/2022-08-Museum.jpeg\" \/><\/strong><\/span><\/h1>\n<h3>S\u00e4ngerbund besucht Ausstellung\u00a0 \u00a0 \u00a0 \u00a0 \u00a0 \u00a0 \u00a0 \u00a0 &#8222;Ankommen 1945 &#8211; 1960&#8220;<\/h3>\n<pre>Die Ausstellung im Museum Biberach war das Ziel des diesj\u00e4hrigen Ferienprogrammes des S\u00e4ngerbundes. In dem Rundgang brachte Edeltraud Garlin der interessierten Gruppe den Zeitrahmen der Ausstellung in anschaulicher Weise n\u00e4her. Die Teilweise pers\u00f6nlichen Erinnerungen von Garlin gaben der F\u00fchrung eine besondere Dynamik.\r\nKaum Vorstellbar, dass nach dem Ende des Zweiten Weltkriegs 14 Millionen Fl\u00fcchtlinge und Vertriebene in dem zerst\u00f6rten und geteilten Deutschland aufgenommen wurden. In Biberach waren es zwischen 1945 und 1960 fast 6000 Menschen bei 21000 Einwohnern. Dies war nicht einfach zu bew\u00e4ltigen. Wilhelm Leger war 1946 B\u00fcrgermeister von Biberach und setzte sich sehr stark f\u00fcr den Wohnungsbau und die Ansiedlung gr\u00f6\u00dferer Unternehmen ein. Wie Edeltraud Garlin erl\u00e4uterte, fanden viele Fl\u00fcchtlinge und Vertrieben hierdurch einen Arbeitsplatz und trugen somit auch zur positiven Entwicklung der Stadt bei.\r\nIm Anschluss an die F\u00fchrung wurde beim Ausklang in der \"Goldenen Ente\" die M\u00f6glichkeit genutzt, das Geh\u00f6rte und Gesehene in der Diskussion miteinander zu vertiefen.\r\n\r\n<\/pre>\n","protected":false},"excerpt":{"rendered":"<p>Auftritt am Sch\u00fctzenmontag S\u00e4ngerbund freut sich auf neue S\u00e4ngerinnen und S\u00e4nger Biberach \u2013 Im letzten Jahr musste der traditionelle Auftritt des S\u00e4ngerbundes am Sch\u00fctzenmontag leider ausfallen. In diesem Jahr soll das kleine Konzert im Biergarten des Sch\u00fctzenkellers wieder stattfinden. Der S\u00e4ngerbund wird gemeinsam mit dem Chor Inkogniton auftreten. Beide Ch\u00f6re werden von Chorleiter Peter Schenk &hellip; <a href=\"https:\/\/xn--sngerbund-biberach-ltb.de\/?page_id=121\" class=\"more-link\"><span class=\"screen-reader-text\">Aktuelles<\/span> weiterlesen <span class=\"meta-nav\">&rarr;<\/span><\/a><\/p>\n","protected":false},"author":3,"featured_media":0,"parent":0,"menu_order":0,"comment_status":"closed","ping_status":"closed","template":"","meta":[],"_links":{"self":[{"href":"https:\/\/xn--sngerbund-biberach-ltb.de\/index.php?rest_route=\/wp\/v2\/pages\/121"}],"collection":[{"href":"https:\/\/xn--sngerbund-biberach-ltb.de\/index.php?rest_route=\/wp\/v2\/pages"}],"about":[{"href":"https:\/\/xn--sngerbund-biberach-ltb.de\/index.php?rest_route=\/wp\/v2\/types\/page"}],"author":[{"embeddable":true,"href":"https:\/\/xn--sngerbund-biberach-ltb.de\/index.php?rest_route=\/wp\/v2\/users\/3"}],"replies":[{"embeddable":true,"href":"https:\/\/xn--sngerbund-biberach-ltb.de\/index.php?rest_route=%2Fwp%2Fv2%2Fcomments&post=121"}],"version-history":[{"count":42,"href":"https:\/\/xn--sngerbund-biberach-ltb.de\/index.php?rest_route=\/wp\/v2\/pages\/121\/revisions"}],"predecessor-version":[{"id":538,"href":"https:\/\/xn--sngerbund-biberach-ltb.de\/index.php?rest_route=\/wp\/v2\/pages\/121\/revisions\/538"}],"wp:attachment":[{"href":"https:\/\/xn--sngerbund-biberach-ltb.de\/index.php?rest_route=%2Fwp%2Fv2%2Fmedia&parent=121"}],"curies":[{"name":"wp","href":"https:\/\/api.w.org\/{rel}","templated":true}]}}